{"id":177,"date":"2015-10-06T05:36:37","date_gmt":"2015-10-06T04:36:37","guid":{"rendered":"http:\/\/www.bb-arsvivendi-lommel.be\/?page_id=177"},"modified":"2016-05-01T18:57:29","modified_gmt":"2016-05-01T17:57:29","slug":"uit-in-lommel","status":"publish","type":"page","link":"http:\/\/www.bb-arsvivendi-lommel.be\/fr\/index.php\/uit-in-lommel\/","title":{"rendered":"Quoi faire \u00e0 Lommel"},"content":{"rendered":"<p><strong>Randonn\u00e9es: plans de randonn\u00e9es sont disponibles \u00e0 notre B &amp; B<\/strong><\/p>\n<p>&#8211; <a href=\"http:\/\/toerismelommel.be\/nl\/de-sahara\">De Sahara<\/a>: \u00e0 environ 5 km<\/p>\n<p><img loading=\"lazy\" decoding=\"async\" class=\"wp-image-205 size-large aligncenter\" src=\"http:\/\/www.bb-arsvivendi-lommel.be\/wp-content\/uploads\/2015\/10\/Sahara-1024x683.jpg\" alt=\"Sahara\" width=\"584\" height=\"390\" srcset=\"http:\/\/www.bb-arsvivendi-lommel.be\/wp-content\/uploads\/2015\/10\/Sahara-1024x683.jpg 1024w, http:\/\/www.bb-arsvivendi-lommel.be\/wp-content\/uploads\/2015\/10\/Sahara-300x200.jpg 300w, http:\/\/www.bb-arsvivendi-lommel.be\/wp-content\/uploads\/2015\/10\/Sahara-450x300.jpg 450w\" sizes=\"auto, (max-width: 584px) 100vw, 584px\" \/><\/p>\n<p><a href=\"http:\/\/toerismelommel.be\/nl\/kattenbos-verborgen-heideparel-het-bos\">Kattenbos<\/a>: \u00e0 environ 7\u00a0km<\/p>\n<p><a href=\"http:\/\/toerismelommel.be\/nl\/blauwe-kei-%E2%80%93-de-maat-verrassende-natuur-het-hart-van-de-kempen\">De Blauwe Kei &#8211; De Maat<\/a>: \u00e0 environ 4\u00a0km<\/p>\n<p style=\"text-align: center;\">\n","protected":false},"excerpt":{"rendered":"<p>Randonn\u00e9es: plans de randonn\u00e9es sont disponibles \u00e0 notre B &amp; B &#8211; De Sahara: \u00e0 environ 5 km Kattenbos: \u00e0 environ 7\u00a0km De Blauwe Kei &#8211; De Maat: \u00e0 environ 4\u00a0km<\/p>\n","protected":false},"author":2,"featured_media":0,"parent":0,"menu_order":0,"comment_status":"closed","ping_status":"closed","template":"","meta":{"footnotes":""},"class_list":["post-177","page","type-page","status-publish","hentry"],"translation":{"provider":"WPGlobus","version":"3.0.1","language":"fr","enabled_languages":["nl","fr","en"],"languages":{"nl":{"title":true,"content":true,"excerpt":false},"fr":{"title":true,"content":true,"excerpt":false},"en":{"title":true,"content":true,"excerpt":false}}},"yoast_head":"<!-- This site is optimized with the Yoast SEO plugin v24.9 - https:\/\/yoast.com\/wordpress\/plugins\/seo\/ -->\n<title>Quoi faire \u00e0 Lommel - B&amp;B Ars Vivendi<\/title>\n<meta name=\"robots\" content=\"index, follow, max-snippet:-1, max-image-preview:large, max-video-preview:-1\" \/>\n<link rel=\"canonical\" href=\"http:\/\/www.bb-arsvivendi-lommel.be\/index.php\/uit-in-lommel\/\" \/>\n<meta property=\"og:locale\" content=\"fr_FR\" \/>\n<meta property=\"og:type\" content=\"article\" \/>\n<meta property=\"og:title\" content=\"Quoi faire \u00e0 Lommel - B&amp;B Ars Vivendi\" \/>\n<meta property=\"og:url\" content=\"http:\/\/www.bb-arsvivendi-lommel.be\/index.php\/uit-in-lommel\/\" \/>\n<meta property=\"og:site_name\" content=\"B&amp;B Ars Vivendi\" \/>\n<meta property=\"article:publisher\" content=\"https:\/\/www.facebook.com\/BB.Ars.Vivendi\/\" \/>\n<meta property=\"article:modified_time\" content=\"2016-05-01T17:57:29+00:00\" \/>\n<meta property=\"og:image\" content=\"http:\/\/www.bb-arsvivendi-lommel.be\/wp-content\/uploads\/2015\/10\/Sahara-1024x683.jpg\" \/>\n<meta name=\"twitter:card\" content=\"summary_large_image\" \/>\n<script type=\"application\/ld+json\" class=\"yoast-schema-graph\">{\"@context\":\"https:\/\/schema.org\",\"@graph\":[{\"@type\":\"WebPage\",\"@id\":\"http:\/\/www.bb-arsvivendi-lommel.be\/index.php\/uit-in-lommel\/\",\"url\":\"http:\/\/www.bb-arsvivendi-lommel.be\/index.php\/uit-in-lommel\/\",\"name\":\"Quoi faire \u00e0 Lommel - B&amp;B Ars Vivendi\",\"isPartOf\":{\"@id\":\"http:\/\/www.bb-arsvivendi-lommel.be\/#website\"},\"primaryImageOfPage\":{\"@id\":\"http:\/\/www.bb-arsvivendi-lommel.be\/index.php\/uit-in-lommel\/#primaryimage\"},\"image\":{\"@id\":\"http:\/\/www.bb-arsvivendi-lommel.be\/index.php\/uit-in-lommel\/#primaryimage\"},\"thumbnailUrl\":\"http:\/\/www.bb-arsvivendi-lommel.be\/wp-content\/uploads\/2015\/10\/Sahara-1024x683.jpg\",\"datePublished\":\"2015-10-06T04:36:37+00:00\",\"dateModified\":\"2016-05-01T17:57:29+00:00\",\"breadcrumb\":{\"@id\":\"http:\/\/www.bb-arsvivendi-lommel.be\/index.php\/uit-in-lommel\/#breadcrumb\"},\"inLanguage\":\"fr-FR\",\"potentialAction\":[{\"@type\":\"ReadAction\",\"target\":[\"http:\/\/www.bb-arsvivendi-lommel.be\/index.php\/uit-in-lommel\/\"]}]},{\"@type\":\"ImageObject\",\"inLanguage\":\"fr-FR\",\"@id\":\"http:\/\/www.bb-arsvivendi-lommel.be\/index.php\/uit-in-lommel\/#primaryimage\",\"url\":\"http:\/\/www.bb-arsvivendi-lommel.be\/wp-content\/uploads\/2015\/10\/Sahara-1024x683.jpg\",\"contentUrl\":\"http:\/\/www.bb-arsvivendi-lommel.be\/wp-content\/uploads\/2015\/10\/Sahara-1024x683.jpg\"},{\"@type\":\"BreadcrumbList\",\"@id\":\"http:\/\/www.bb-arsvivendi-lommel.be\/index.php\/uit-in-lommel\/#breadcrumb\",\"itemListElement\":[{\"@type\":\"ListItem\",\"position\":1,\"name\":\"Home\",\"item\":\"http:\/\/www.bb-arsvivendi-lommel.be\/\"},{\"@type\":\"ListItem\",\"position\":2,\"name\":\"Uit in Lommel\"}]},{\"@type\":\"WebSite\",\"@id\":\"http:\/\/www.bb-arsvivendi-lommel.be\/#website\",\"url\":\"http:\/\/www.bb-arsvivendi-lommel.be\/\",\"name\":\"B&amp;B Ars Vivendi\",\"description\":\"\",\"potentialAction\":[{\"@type\":\"SearchAction\",\"target\":{\"@type\":\"EntryPoint\",\"urlTemplate\":\"http:\/\/www.bb-arsvivendi-lommel.be\/?s={search_term_string}\"},\"query-input\":{\"@type\":\"PropertyValueSpecification\",\"valueRequired\":true,\"valueName\":\"search_term_string\"}}],\"inLanguage\":\"fr-FR\"}]}<\/script>\n<!-- \/ Yoast SEO plugin. -->","yoast_head_json":{"title":"Quoi faire \u00e0 Lommel - B&amp;B Ars Vivendi","robots":{"index":"index","follow":"follow","max-snippet":"max-snippet:-1","max-image-preview":"max-image-preview:large","max-video-preview":"max-video-preview:-1"},"canonical":"http:\/\/www.bb-arsvivendi-lommel.be\/index.php\/uit-in-lommel\/","og_locale":"fr_FR","og_type":"article","og_title":"Quoi faire \u00e0 Lommel - B&amp;B Ars Vivendi","og_url":"http:\/\/www.bb-arsvivendi-lommel.be\/index.php\/uit-in-lommel\/","og_site_name":"B&amp;B Ars Vivendi","article_publisher":"https:\/\/www.facebook.com\/BB.Ars.Vivendi\/","article_modified_time":"2016-05-01T17:57:29+00:00","og_image":[{"url":"http:\/\/www.bb-arsvivendi-lommel.be\/wp-content\/uploads\/2015\/10\/Sahara-1024x683.jpg","type":"","width":"","height":""}],"twitter_card":"summary_large_image","schema":{"@context":"https:\/\/schema.org","@graph":[{"@type":"WebPage","@id":"http:\/\/www.bb-arsvivendi-lommel.be\/index.php\/uit-in-lommel\/","url":"http:\/\/www.bb-arsvivendi-lommel.be\/index.php\/uit-in-lommel\/","name":"Quoi faire \u00e0 Lommel - B&amp;B Ars Vivendi","isPartOf":{"@id":"http:\/\/www.bb-arsvivendi-lommel.be\/#website"},"primaryImageOfPage":{"@id":"http:\/\/www.bb-arsvivendi-lommel.be\/index.php\/uit-in-lommel\/#primaryimage"},"image":{"@id":"http:\/\/www.bb-arsvivendi-lommel.be\/index.php\/uit-in-lommel\/#primaryimage"},"thumbnailUrl":"http:\/\/www.bb-arsvivendi-lommel.be\/wp-content\/uploads\/2015\/10\/Sahara-1024x683.jpg","datePublished":"2015-10-06T04:36:37+00:00","dateModified":"2016-05-01T17:57:29+00:00","breadcrumb":{"@id":"http:\/\/www.bb-arsvivendi-lommel.be\/index.php\/uit-in-lommel\/#breadcrumb"},"inLanguage":"fr-FR","potentialAction":[{"@type":"ReadAction","target":["http:\/\/www.bb-arsvivendi-lommel.be\/index.php\/uit-in-lommel\/"]}]},{"@type":"ImageObject","inLanguage":"fr-FR","@id":"http:\/\/www.bb-arsvivendi-lommel.be\/index.php\/uit-in-lommel\/#primaryimage","url":"http:\/\/www.bb-arsvivendi-lommel.be\/wp-content\/uploads\/2015\/10\/Sahara-1024x683.jpg","contentUrl":"http:\/\/www.bb-arsvivendi-lommel.be\/wp-content\/uploads\/2015\/10\/Sahara-1024x683.jpg"},{"@type":"BreadcrumbList","@id":"http:\/\/www.bb-arsvivendi-lommel.be\/index.php\/uit-in-lommel\/#breadcrumb","itemListElement":[{"@type":"ListItem","position":1,"name":"Home","item":"http:\/\/www.bb-arsvivendi-lommel.be\/"},{"@type":"ListItem","position":2,"name":"Uit in Lommel"}]},{"@type":"WebSite","@id":"http:\/\/www.bb-arsvivendi-lommel.be\/#website","url":"http:\/\/www.bb-arsvivendi-lommel.be\/","name":"B&amp;B Ars Vivendi","description":"","potentialAction":[{"@type":"SearchAction","target":{"@type":"EntryPoint","urlTemplate":"http:\/\/www.bb-arsvivendi-lommel.be\/?s={search_term_string}"},"query-input":{"@type":"PropertyValueSpecification","valueRequired":true,"valueName":"search_term_string"}}],"inLanguage":"fr-FR"}]}},"_links":{"self":[{"href":"http:\/\/www.bb-arsvivendi-lommel.be\/fr\/index.php\/wp-json\/wp\/v2\/pages\/177","targetHints":{"allow":["GET"]}}],"collection":[{"href":"http:\/\/www.bb-arsvivendi-lommel.be\/fr\/index.php\/wp-json\/wp\/v2\/pages"}],"about":[{"href":"http:\/\/www.bb-arsvivendi-lommel.be\/fr\/index.php\/wp-json\/wp\/v2\/types\/page"}],"author":[{"embeddable":true,"href":"http:\/\/www.bb-arsvivendi-lommel.be\/fr\/index.php\/wp-json\/wp\/v2\/users\/2"}],"replies":[{"embeddable":true,"href":"http:\/\/www.bb-arsvivendi-lommel.be\/fr\/index.php\/wp-json\/wp\/v2\/comments?post=177"}],"version-history":[{"count":7,"href":"http:\/\/www.bb-arsvivendi-lommel.be\/fr\/index.php\/wp-json\/wp\/v2\/pages\/177\/revisions"}],"predecessor-version":[{"id":293,"href":"http:\/\/www.bb-arsvivendi-lommel.be\/fr\/index.php\/wp-json\/wp\/v2\/pages\/177\/revisions\/293"}],"wp:attachment":[{"href":"http:\/\/www.bb-arsvivendi-lommel.be\/fr\/index.php\/wp-json\/wp\/v2\/media?parent=177"}],"curies":[{"name":"wp","href":"https:\/\/api.w.org\/{rel}","templated":true}]}}