{"id":58,"date":"2014-06-10T06:58:04","date_gmt":"2014-06-10T05:58:04","guid":{"rendered":"http:\/\/www.bb-arsvivendi-lommel.be\/?page_id=58"},"modified":"2016-05-01T18:47:37","modified_gmt":"2016-05-01T17:47:37","slug":"historiek","status":"publish","type":"page","link":"http:\/\/www.bb-arsvivendi-lommel.be\/fr\/index.php\/historiek\/","title":{"rendered":"Histoire"},"content":{"rendered":"<p>B &amp; B Ars Vivendi est situ\u00e9 dans une ancienne villa qui appartenait \u00e0 un ing\u00e9nieur. Il faisait partie du site de travail &#8220;Lommel-Werkplaatsen&#8221; qui a \u00e9t\u00e9 construit ici dans la p\u00e9riode 1904 &#8211; 1914. Sur ce site, un grand nombre de logements ouvriers ont \u00e9t\u00e9 construits autour de l&#8217;usine de zinc de Lommel. L&#8217;usine de zinc a \u00e9t\u00e9 cr\u00e9\u00e9 en 1904. Les ouvriers \u00e9taient concentr\u00e9s dans le &#8220;Enkele rij&#8221; (aujourd&#8217;hui Martinus Van Gurplaan) et le &#8220;Dubbel\u00a0rij.&#8221; Certaines des maisons originales des travailleurs ont \u00e9t\u00e9 conserv\u00e9s. Sur le site &#8220;Erfgoed Vlaanderen&#8221; une liste peut \u00eatre consult\u00e9e.<br \/>\nLe nom original\u00a0de la villa \u00e9tait &#8220;Villa des G\u00e9raniums&#8221;. Plus tard, elle est devenus connue comme &#8220;Villa Crimson-Rambler&#8221;. La villa et la r\u00e9sidence ex\u00e9cutive (Werkplaatsen 67), o\u00f9 maintenant la fondation Akindo est situ\u00e9e, sont les maisons qui ont \u00e9t\u00e9 utilis\u00e9s par la direction de l&#8217;usine de zinc de Lommel.<\/p>\n<div id=\"attachment_57\" style=\"width: 407px\" class=\"wp-caption aligncenter\"><a href=\"http:\/\/www.bb-arsvivendi-lommel.be\/wp-content\/uploads\/2014\/01\/huis-anno-1910.jpg\"><img loading=\"lazy\" decoding=\"async\" aria-describedby=\"caption-attachment-57\" class=\"wp-image-57\" src=\"http:\/\/www.bb-arsvivendi-lommel.be\/wp-content\/uploads\/2014\/01\/huis-anno-1910.jpg\" alt=\"huis-anno-1910.jpg\" width=\"397\" height=\"256\" \/><\/a><p id=\"caption-attachment-57\" class=\"wp-caption-text\">1910<\/p><\/div>\n<p>La villa a \u00e9t\u00e9 r\u00e9nov\u00e9e en 1985, puis utilis\u00e9e\u00a0comme un Bed &amp; Breakfast jusqu&#8217;\u00e0 2013.<br \/>\nDepuis 2013, la propri\u00e9t\u00e9 en notre possession. Une nouvelle r\u00e9novation \u00e9tait n\u00e9cessaire. Ainsi, les trois chambres d&#8217;h\u00f4tes ont \u00e9t\u00e9 transform\u00e9es en oasis de paix confortables.<\/p>\n<div id=\"attachment_77\" style=\"width: 409px\" class=\"wp-caption aligncenter\"><a href=\"http:\/\/www.bb-arsvivendi-lommel.be\/wp-content\/uploads\/2014\/01\/Huis.jpg\"><img loading=\"lazy\" decoding=\"async\" aria-describedby=\"caption-attachment-77\" class=\"wp-image-77\" src=\"http:\/\/www.bb-arsvivendi-lommel.be\/wp-content\/uploads\/2014\/01\/Huis.jpg\" alt=\"Huis\" width=\"399\" height=\"269\" \/><\/a><p id=\"caption-attachment-77\" class=\"wp-caption-text\">2014<\/p><\/div>\n","protected":false},"excerpt":{"rendered":"<p>B &amp; B Ars Vivendi est situ\u00e9 dans une ancienne villa qui appartenait \u00e0 un ing\u00e9nieur. Il faisait partie du site de travail &#8220;Lommel-Werkplaatsen&#8221; qui a \u00e9t\u00e9 construit ici dans la p\u00e9riode 1904 &#8211; 1914. Sur ce site, un grand &hellip; <a href=\"http:\/\/www.bb-arsvivendi-lommel.be\/fr\/index.php\/historiek\/\">Continue reading <span class=\"meta-nav\">&rarr;<\/span><\/a><\/p>\n","protected":false},"author":2,"featured_media":0,"parent":0,"menu_order":0,"comment_status":"closed","ping_status":"closed","template":"","meta":{"footnotes":""},"class_list":["post-58","page","type-page","status-publish","hentry"],"translation":{"provider":"WPGlobus","version":"3.0.1","language":"fr","enabled_languages":["nl","fr","en"],"languages":{"nl":{"title":true,"content":true,"excerpt":false},"fr":{"title":true,"content":true,"excerpt":false},"en":{"title":true,"content":true,"excerpt":false}}},"yoast_head":"<!-- This site is optimized with the Yoast SEO plugin v24.9 - https:\/\/yoast.com\/wordpress\/plugins\/seo\/ -->\n<title>Histoire - B&amp;B Ars Vivendi<\/title>\n<meta name=\"robots\" content=\"index, follow, max-snippet:-1, max-image-preview:large, max-video-preview:-1\" \/>\n<link rel=\"canonical\" href=\"http:\/\/www.bb-arsvivendi-lommel.be\/fr\/index.php\/historiek\/\" \/>\n<meta property=\"og:locale\" content=\"fr_FR\" \/>\n<meta property=\"og:type\" content=\"article\" \/>\n<meta property=\"og:title\" content=\"Histoire - B&amp;B Ars Vivendi\" \/>\n<meta property=\"og:url\" content=\"http:\/\/www.bb-arsvivendi-lommel.be\/fr\/index.php\/historiek\/\" \/>\n<meta property=\"og:site_name\" content=\"B&amp;B Ars Vivendi\" \/>\n<meta property=\"article:publisher\" content=\"https:\/\/www.facebook.com\/BB.Ars.Vivendi\/\" \/>\n<meta property=\"article:modified_time\" content=\"2016-05-01T17:47:37+00:00\" \/>\n<meta property=\"og:image\" content=\"http:\/\/www.bb-arsvivendi-lommel.be\/wp-content\/uploads\/2014\/01\/huis-anno-1910.jpg\" \/>\n<meta name=\"twitter:card\" content=\"summary_large_image\" \/>\n<meta name=\"twitter:label1\" content=\"Est. reading time\" \/>\n\t<meta name=\"twitter:data1\" content=\"3 minutes\" \/>\n<script type=\"application\/ld+json\" class=\"yoast-schema-graph\">{\"@context\":\"https:\/\/schema.org\",\"@graph\":[{\"@type\":\"WebPage\",\"@id\":\"http:\/\/www.bb-arsvivendi-lommel.be\/fr\/index.php\/historiek\/\",\"url\":\"http:\/\/www.bb-arsvivendi-lommel.be\/fr\/index.php\/historiek\/\",\"name\":\"Histoire - B&amp;B Ars Vivendi\",\"isPartOf\":{\"@id\":\"http:\/\/www.bb-arsvivendi-lommel.be\/#website\"},\"primaryImageOfPage\":{\"@id\":\"http:\/\/www.bb-arsvivendi-lommel.be\/fr\/index.php\/historiek\/#primaryimage\"},\"image\":{\"@id\":\"http:\/\/www.bb-arsvivendi-lommel.be\/fr\/index.php\/historiek\/#primaryimage\"},\"thumbnailUrl\":\"http:\/\/www.bb-arsvivendi-lommel.be\/wp-content\/uploads\/2014\/01\/huis-anno-1910.jpg\",\"datePublished\":\"2014-06-10T05:58:04+00:00\",\"dateModified\":\"2016-05-01T17:47:37+00:00\",\"breadcrumb\":{\"@id\":\"http:\/\/www.bb-arsvivendi-lommel.be\/fr\/index.php\/historiek\/#breadcrumb\"},\"inLanguage\":\"fr-FR\",\"potentialAction\":[{\"@type\":\"ReadAction\",\"target\":[\"http:\/\/www.bb-arsvivendi-lommel.be\/fr\/index.php\/historiek\/\"]}]},{\"@type\":\"ImageObject\",\"inLanguage\":\"fr-FR\",\"@id\":\"http:\/\/www.bb-arsvivendi-lommel.be\/fr\/index.php\/historiek\/#primaryimage\",\"url\":\"http:\/\/www.bb-arsvivendi-lommel.be\/wp-content\/uploads\/2014\/01\/huis-anno-1910.jpg\",\"contentUrl\":\"http:\/\/www.bb-arsvivendi-lommel.be\/wp-content\/uploads\/2014\/01\/huis-anno-1910.jpg\"},{\"@type\":\"BreadcrumbList\",\"@id\":\"http:\/\/www.bb-arsvivendi-lommel.be\/fr\/index.php\/historiek\/#breadcrumb\",\"itemListElement\":[{\"@type\":\"ListItem\",\"position\":1,\"name\":\"Home\",\"item\":\"http:\/\/www.bb-arsvivendi-lommel.be\/\"},{\"@type\":\"ListItem\",\"position\":2,\"name\":\"Histoire\"}]},{\"@type\":\"WebSite\",\"@id\":\"http:\/\/www.bb-arsvivendi-lommel.be\/#website\",\"url\":\"http:\/\/www.bb-arsvivendi-lommel.be\/\",\"name\":\"B&amp;B Ars Vivendi\",\"description\":\"\",\"potentialAction\":[{\"@type\":\"SearchAction\",\"target\":{\"@type\":\"EntryPoint\",\"urlTemplate\":\"http:\/\/www.bb-arsvivendi-lommel.be\/?s={search_term_string}\"},\"query-input\":{\"@type\":\"PropertyValueSpecification\",\"valueRequired\":true,\"valueName\":\"search_term_string\"}}],\"inLanguage\":\"fr-FR\"}]}<\/script>\n<!-- \/ Yoast SEO plugin. -->","yoast_head_json":{"title":"Histoire - B&amp;B Ars Vivendi","robots":{"index":"index","follow":"follow","max-snippet":"max-snippet:-1","max-image-preview":"max-image-preview:large","max-video-preview":"max-video-preview:-1"},"canonical":"http:\/\/www.bb-arsvivendi-lommel.be\/fr\/index.php\/historiek\/","og_locale":"fr_FR","og_type":"article","og_title":"Histoire - B&amp;B Ars Vivendi","og_url":"http:\/\/www.bb-arsvivendi-lommel.be\/fr\/index.php\/historiek\/","og_site_name":"B&amp;B Ars Vivendi","article_publisher":"https:\/\/www.facebook.com\/BB.Ars.Vivendi\/","article_modified_time":"2016-05-01T17:47:37+00:00","og_image":[{"url":"http:\/\/www.bb-arsvivendi-lommel.be\/wp-content\/uploads\/2014\/01\/huis-anno-1910.jpg","type":"","width":"","height":""}],"twitter_card":"summary_large_image","twitter_misc":{"Est. reading time":"3 minutes"},"schema":{"@context":"https:\/\/schema.org","@graph":[{"@type":"WebPage","@id":"http:\/\/www.bb-arsvivendi-lommel.be\/fr\/index.php\/historiek\/","url":"http:\/\/www.bb-arsvivendi-lommel.be\/fr\/index.php\/historiek\/","name":"Histoire - B&amp;B Ars Vivendi","isPartOf":{"@id":"http:\/\/www.bb-arsvivendi-lommel.be\/#website"},"primaryImageOfPage":{"@id":"http:\/\/www.bb-arsvivendi-lommel.be\/fr\/index.php\/historiek\/#primaryimage"},"image":{"@id":"http:\/\/www.bb-arsvivendi-lommel.be\/fr\/index.php\/historiek\/#primaryimage"},"thumbnailUrl":"http:\/\/www.bb-arsvivendi-lommel.be\/wp-content\/uploads\/2014\/01\/huis-anno-1910.jpg","datePublished":"2014-06-10T05:58:04+00:00","dateModified":"2016-05-01T17:47:37+00:00","breadcrumb":{"@id":"http:\/\/www.bb-arsvivendi-lommel.be\/fr\/index.php\/historiek\/#breadcrumb"},"inLanguage":"fr-FR","potentialAction":[{"@type":"ReadAction","target":["http:\/\/www.bb-arsvivendi-lommel.be\/fr\/index.php\/historiek\/"]}]},{"@type":"ImageObject","inLanguage":"fr-FR","@id":"http:\/\/www.bb-arsvivendi-lommel.be\/fr\/index.php\/historiek\/#primaryimage","url":"http:\/\/www.bb-arsvivendi-lommel.be\/wp-content\/uploads\/2014\/01\/huis-anno-1910.jpg","contentUrl":"http:\/\/www.bb-arsvivendi-lommel.be\/wp-content\/uploads\/2014\/01\/huis-anno-1910.jpg"},{"@type":"BreadcrumbList","@id":"http:\/\/www.bb-arsvivendi-lommel.be\/fr\/index.php\/historiek\/#breadcrumb","itemListElement":[{"@type":"ListItem","position":1,"name":"Home","item":"http:\/\/www.bb-arsvivendi-lommel.be\/"},{"@type":"ListItem","position":2,"name":"Histoire"}]},{"@type":"WebSite","@id":"http:\/\/www.bb-arsvivendi-lommel.be\/#website","url":"http:\/\/www.bb-arsvivendi-lommel.be\/","name":"B&amp;B Ars Vivendi","description":"","potentialAction":[{"@type":"SearchAction","target":{"@type":"EntryPoint","urlTemplate":"http:\/\/www.bb-arsvivendi-lommel.be\/?s={search_term_string}"},"query-input":{"@type":"PropertyValueSpecification","valueRequired":true,"valueName":"search_term_string"}}],"inLanguage":"fr-FR"}]}},"_links":{"self":[{"href":"http:\/\/www.bb-arsvivendi-lommel.be\/fr\/index.php\/wp-json\/wp\/v2\/pages\/58","targetHints":{"allow":["GET"]}}],"collection":[{"href":"http:\/\/www.bb-arsvivendi-lommel.be\/fr\/index.php\/wp-json\/wp\/v2\/pages"}],"about":[{"href":"http:\/\/www.bb-arsvivendi-lommel.be\/fr\/index.php\/wp-json\/wp\/v2\/types\/page"}],"author":[{"embeddable":true,"href":"http:\/\/www.bb-arsvivendi-lommel.be\/fr\/index.php\/wp-json\/wp\/v2\/users\/2"}],"replies":[{"embeddable":true,"href":"http:\/\/www.bb-arsvivendi-lommel.be\/fr\/index.php\/wp-json\/wp\/v2\/comments?post=58"}],"version-history":[{"count":12,"href":"http:\/\/www.bb-arsvivendi-lommel.be\/fr\/index.php\/wp-json\/wp\/v2\/pages\/58\/revisions"}],"predecessor-version":[{"id":92,"href":"http:\/\/www.bb-arsvivendi-lommel.be\/fr\/index.php\/wp-json\/wp\/v2\/pages\/58\/revisions\/92"}],"wp:attachment":[{"href":"http:\/\/www.bb-arsvivendi-lommel.be\/fr\/index.php\/wp-json\/wp\/v2\/media?parent=58"}],"curies":[{"name":"wp","href":"https:\/\/api.w.org\/{rel}","templated":true}]}}